{"id":18880,"date":"2024-02-23T11:18:01","date_gmt":"2024-02-23T10:18:01","guid":{"rendered":"https:\/\/www.market-invaders.com\/?page_id=18880"},"modified":"2024-03-07T11:49:28","modified_gmt":"2024-03-07T10:49:28","slug":"market-fulfillment-mffm","status":"publish","type":"page","link":"https:\/\/www.market-invaders.com\/es\/market-fulfillment-mffm\/","title":{"rendered":"Market Fulfillment"},"content":{"rendered":"<div data-elementor-type=\"wp-page\" data-elementor-id=\"18880\" class=\"elementor elementor-18880\" data-elementor-post-type=\"page\">\n\t\t\t\t\t\t<section class=\"elementor-section elementor-top-section elementor-element elementor-element-55a0fa0 elementor-section-boxed elementor-section-height-default elementor-section-height-default\" data-id=\"55a0fa0\" data-element_type=\"section\">\n\t\t\t\t\t\t<div class=\"elementor-container elementor-column-gap-default\">\n\t\t\t\t\t<div class=\"elementor-column elementor-col-100 elementor-top-column elementor-element elementor-element-933389c\" data-id=\"933389c\" data-element_type=\"column\">\n\t\t\t<div class=\"elementor-widget-wrap elementor-element-populated\">\n\t\t\t\t\t\t<div class=\"elementor-element elementor-element-5ad11d3 elementor-widget elementor-widget-spacer\" data-id=\"5ad11d3\" data-element_type=\"widget\" data-widget_type=\"spacer.default\">\n\t\t\t\t<div class=\"elementor-widget-container\">\n\t\t\t\t\t\t\t<div class=\"elementor-spacer\">\n\t\t\t<div class=\"elementor-spacer-inner\"><\/div>\n\t\t<\/div>\n\t\t\t\t\t\t<\/div>\n\t\t\t\t<\/div>\n\t\t\t\t\t<\/div>\n\t\t<\/div>\n\t\t\t\t\t<\/div>\n\t\t<\/section>\n\t\t\t\t<section class=\"elementor-section elementor-top-section elementor-element elementor-element-0a62080 elementor-section-boxed elementor-section-height-default elementor-section-height-default\" data-id=\"0a62080\" data-element_type=\"section\">\n\t\t\t\t\t\t<div class=\"elementor-container elementor-column-gap-default\">\n\t\t\t\t\t<div class=\"elementor-column elementor-col-100 elementor-top-column elementor-element elementor-element-d671651\" data-id=\"d671651\" data-element_type=\"column\">\n\t\t\t<div class=\"elementor-widget-wrap elementor-element-populated\">\n\t\t\t\t\t\t<div class=\"elementor-element elementor-element-0860f4b elementor-widget elementor-widget-spacer\" data-id=\"0860f4b\" data-element_type=\"widget\" data-widget_type=\"spacer.default\">\n\t\t\t\t<div class=\"elementor-widget-container\">\n\t\t\t\t\t\t\t<div class=\"elementor-spacer\">\n\t\t\t<div class=\"elementor-spacer-inner\"><\/div>\n\t\t<\/div>\n\t\t\t\t\t\t<\/div>\n\t\t\t\t<\/div>\n\t\t\t\t<div class=\"elementor-element elementor-element-536a7dd elementor-widget elementor-widget-spacer\" data-id=\"536a7dd\" data-element_type=\"widget\" data-widget_type=\"spacer.default\">\n\t\t\t\t<div class=\"elementor-widget-container\">\n\t\t\t\t\t\t\t<div class=\"elementor-spacer\">\n\t\t\t<div class=\"elementor-spacer-inner\"><\/div>\n\t\t<\/div>\n\t\t\t\t\t\t<\/div>\n\t\t\t\t<\/div>\n\t\t\t\t<div class=\"elementor-element elementor-element-e0aa642 elementor-widget elementor-widget-heading\" data-id=\"e0aa642\" data-element_type=\"widget\" data-widget_type=\"heading.default\">\n\t\t\t\t<div class=\"elementor-widget-container\">\n\t\t\t\t\t<h2 class=\"elementor-heading-title elementor-size-default\"><a href=\"https:\/\/market-fulfillment.com\/\" target=\"_blank\"><h2 data-elementor-setting-key=\"title\" data-pen-placeholder=\"\u00c9crivez ici...\" style=\"font-weight: bold;font-family: Arial, sans-serif;font-size: 44px;text-align: center\">Market Fulfillment<\/h2><\/a><\/h2>\t\t\t\t<\/div>\n\t\t\t\t<\/div>\n\t\t\t\t<section class=\"elementor-section elementor-inner-section elementor-element elementor-element-947bae4 elementor-section-boxed elementor-section-height-default elementor-section-height-default\" data-id=\"947bae4\" data-element_type=\"section\">\n\t\t\t\t\t\t<div class=\"elementor-container elementor-column-gap-default\">\n\t\t\t\t\t<div class=\"elementor-column elementor-col-100 elementor-inner-column elementor-element elementor-element-19d6a5b\" data-id=\"19d6a5b\" data-element_type=\"column\">\n\t\t\t<div class=\"elementor-widget-wrap elementor-element-populated\">\n\t\t\t\t\t\t<div class=\"elementor-element elementor-element-a91490b elementor-widget elementor-widget-text-editor\" data-id=\"a91490b\" data-element_type=\"widget\" data-widget_type=\"text-editor.default\">\n\t\t\t\t<div class=\"elementor-widget-container\">\n\t\t\t\t\t\t\t\t\t<p><strong>Mais au fait, c\u2019est quoi le fulfillment ?<br \/><\/strong><br \/>Dans le monde du e-commerce, on appelle \u00ab fulfillment \u00bb toutes les actions que doit entreprendre un marchand entre le moment o\u00f9 un de ses clients passe commande et celui o\u00f9 ledit client re\u00e7oit ses produits.<\/p><p>M\u00eame quand on travaille avec un logisticien, la gestion des commandes et de la logistique\u00a0peut vite tourner au casse-t\u00eate :<br \/>R\u00e9cup\u00e9rer les commandes sur les diff\u00e9rentes plateformes, pr\u00e9parer les colis, imprimer les \u00e9tiquettes, d\u00e9poser les paquets, sont autant d\u2019actions chronophages qui vous emp\u00eachent de passer du temps sur les aspects plus lucratifs de votre business comme la communication, le marketing ou le d\u00e9veloppement sur de nouveaux canaux. C\u2019est pour vous lib\u00e9rer ce temps pr\u00e9cieux que nous avons cr\u00e9\u00e9\u00a0Market Fulfillment en partenariat avec Octopia Fulfillment !<\/p><p>L\u2019application Market Fulfillment, d\u00e9velopp\u00e9e comme toutes les offres Market Invaders en full SaaS, est la brique centrale positionn\u00e9e entre vos diff\u00e9rents canaux de vente et votre logisticien.<\/p>\t\t\t\t\t\t\t\t<\/div>\n\t\t\t\t<\/div>\n\t\t\t\t<div class=\"elementor-element elementor-element-e35a19a elementor-widget elementor-widget-spacer\" data-id=\"e35a19a\" data-element_type=\"widget\" data-widget_type=\"spacer.default\">\n\t\t\t\t<div class=\"elementor-widget-container\">\n\t\t\t\t\t\t\t<div class=\"elementor-spacer\">\n\t\t\t<div class=\"elementor-spacer-inner\"><\/div>\n\t\t<\/div>\n\t\t\t\t\t\t<\/div>\n\t\t\t\t<\/div>\n\t\t\t\t\t<\/div>\n\t\t<\/div>\n\t\t\t\t\t<\/div>\n\t\t<\/section>\n\t\t\t\t<div class=\"elementor-element elementor-element-87354ae elementor-widget elementor-widget-image\" data-id=\"87354ae\" data-element_type=\"widget\" data-widget_type=\"image.default\">\n\t\t\t\t<div class=\"elementor-widget-container\">\n\t\t\t\t\t\t\t\t\t\t\t\t\t\t\t\t<a href=\"https:\/\/market-fulfillment.com\/\" target=\"_blank\">\n\t\t\t\t\t\t\t<img fetchpriority=\"high\" decoding=\"async\" width=\"1024\" height=\"364\" src=\"https:\/\/www.market-invaders.com\/wp-content\/uploads\/2024\/02\/mffm-fr-1024x364.png\" class=\"attachment-large size-large wp-image-18922\" alt=\"\" srcset=\"https:\/\/www.market-invaders.com\/wp-content\/uploads\/2024\/02\/mffm-fr-1024x364.png 1024w, https:\/\/www.market-invaders.com\/wp-content\/uploads\/2024\/02\/mffm-fr-300x107.png 300w, https:\/\/www.market-invaders.com\/wp-content\/uploads\/2024\/02\/mffm-fr-768x273.png 768w, https:\/\/www.market-invaders.com\/wp-content\/uploads\/2024\/02\/mffm-fr-1536x547.png 1536w, https:\/\/www.market-invaders.com\/wp-content\/uploads\/2024\/02\/mffm-fr-18x6.png 18w, https:\/\/www.market-invaders.com\/wp-content\/uploads\/2024\/02\/mffm-fr-169x60.png 169w, https:\/\/www.market-invaders.com\/wp-content\/uploads\/2024\/02\/mffm-fr-225x80.png 225w, https:\/\/www.market-invaders.com\/wp-content\/uploads\/2024\/02\/mffm-fr-394x140.png 394w, https:\/\/www.market-invaders.com\/wp-content\/uploads\/2024\/02\/mffm-fr-915x326.png 915w, https:\/\/www.market-invaders.com\/wp-content\/uploads\/2024\/02\/mffm-fr-1240x441.png 1240w, https:\/\/www.market-invaders.com\/wp-content\/uploads\/2024\/02\/mffm-fr.png 1838w\" sizes=\"(max-width: 1024px) 100vw, 1024px\" \/>\t\t\t\t\t\t\t\t<\/a>\n\t\t\t\t\t\t\t\t\t\t\t\t\t\t\t<\/div>\n\t\t\t\t<\/div>\n\t\t\t\t<div class=\"elementor-element elementor-element-1ba962f elementor-widget elementor-widget-spacer\" data-id=\"1ba962f\" data-element_type=\"widget\" data-widget_type=\"spacer.default\">\n\t\t\t\t<div class=\"elementor-widget-container\">\n\t\t\t\t\t\t\t<div class=\"elementor-spacer\">\n\t\t\t<div class=\"elementor-spacer-inner\"><\/div>\n\t\t<\/div>\n\t\t\t\t\t\t<\/div>\n\t\t\t\t<\/div>\n\t\t\t\t<div class=\"elementor-element elementor-element-b9a14a7 elementor-widget elementor-widget-text-editor\" data-id=\"b9a14a7\" data-element_type=\"widget\" data-widget_type=\"text-editor.default\">\n\t\t\t\t<div class=\"elementor-widget-container\">\n\t\t\t\t\t\t\t\t\t<p style=\"font-size: 17px; line-height: 1.65; font-family: Arial, sans-serif; font-weight: 400; color: #333333; font-style: normal;\"><span style=\"color: inherit; font-style: inherit; font-weight: inherit;\">Elle synchronise automatiquement les commandes de tous vos canaux de vente en ligne (Marketplaces et site marchand) avec votre partenaire logistique pr\u00e9f\u00e9r\u00e9. Les ordres d\u2019exp\u00e9dition sont transmis au logisticien, qui les r\u00e9cup\u00e8re et les traite, puis l\u2019application r\u00e9cup\u00e8re les informations concernant les \u00e9tats d\u2019exp\u00e9dition et les num\u00e9ros de tracking\/suivis li\u00e9s et les renvoie vers vos market-places et\/ou votre site e-commerce.<\/span><\/p><p style=\"font-size: 16px; line-height: 1.65; font-family: Lato; font-weight: 400; color: #333333; font-style: normal;\"><span style=\"font-family: Arial, sans-serif;\"><span style=\"font-size: 17px;\">Vous proposez des tarifs sp\u00e9cifiques si vos produits sont achet\u00e9s en pack ou en bundle ? L\u2019application vous permet de le g\u00e9rer simplement sans avoir besoin de livrer les articles conditionn\u00e9s en pack \u00e0 votre logisticien. Outre le gain de temps, c\u2019est toute votre gestion de stock qui s\u2019en voit simplifi\u00e9e !<\/span><\/span><\/p><p style=\"font-size: 16px; line-height: 1.65; font-family: Lato; font-weight: 400; color: #333333; font-style: normal;\"><span style=\"font-family: Arial, sans-serif;\"><span style=\"font-size: 17px;\">Alors ? Et vous, que ferez-vous de ce temps en plus ?<\/span><\/span><\/p><p style=\"font-size: 16px; line-height: 1.65; font-family: Lato; font-weight: 400; color: #333333; font-style: normal;\"><a href=\"https:\/\/market-fulfillment.com\/\" target=\"_blank\" rel=\"noopener\"><span style=\"text-decoration-line: underline;\"><span style=\"font-family: Arial, sans-serif;\"><span style=\"font-size: 17px;\">Continuar<\/span><\/span><\/span><\/a><\/p>\t\t\t\t\t\t\t\t<\/div>\n\t\t\t\t<\/div>\n\t\t\t\t<section class=\"elementor-section elementor-inner-section elementor-element elementor-element-dce48b7 elementor-section-boxed elementor-section-height-default elementor-section-height-default\" data-id=\"dce48b7\" data-element_type=\"section\">\n\t\t\t\t\t\t<div class=\"elementor-container elementor-column-gap-default\">\n\t\t\t\t\t\t<\/div>\n\t\t<\/section>\n\t\t\t\t\t<\/div>\n\t\t<\/div>\n\t\t\t\t\t<\/div>\n\t\t<\/section>\n\t\t\t\t<\/div>","protected":false},"excerpt":{"rendered":"<p>Market Fulfillment Mais au fait, c\u2019est quoi le fulfillment ?Dans le monde du e-commerce, on appelle \u00ab fulfillment \u00bb toutes les actions que doit entreprendre un marchand entre le moment o\u00f9 un de ses clients passe commande et celui o\u00f9 &hellip; <a href=\"https:\/\/www.market-invaders.com\/es\/market-fulfillment-mffm\/\">Read More<\/a><\/p>","protected":false},"author":4,"featured_media":0,"parent":0,"menu_order":0,"comment_status":"closed","ping_status":"closed","template":"","meta":{"_uag_custom_page_level_css":"","footnotes":""},"categories":[86],"tags":[],"class_list":["post-18880","page","type-page","status-publish","hentry","category-site-v2"],"yoast_head":"<!-- This site is optimized with the Yoast SEO plugin v25.6 - https:\/\/yoast.com\/wordpress\/plugins\/seo\/ -->\n<title>Market Fulfillment, c&#039;est quoi ?<\/title>\n<meta name=\"description\" content=\"L\u2019application Market Fulfillment, d\u00e9velopp\u00e9e comme toutes les offres Market Invaders en full SaaS, est la brique centrale positionn\u00e9e entre vos diff\u00e9rents canaux de vente et votre logisticien.\" \/>\n<meta name=\"robots\" content=\"index, follow, max-snippet:-1, max-image-preview:large, max-video-preview:-1\" \/>\n<link rel=\"canonical\" href=\"https:\/\/www.market-invaders.com\/es\/market-fulfillment-mffm\/\" \/>\n<meta property=\"og:locale\" content=\"es_ES\" \/>\n<meta property=\"og:type\" content=\"article\" \/>\n<meta property=\"og:title\" content=\"Market Fulfillment, c&#039;est quoi ?\" \/>\n<meta property=\"og:description\" content=\"L\u2019application Market Fulfillment, d\u00e9velopp\u00e9e comme toutes les offres Market Invaders en full SaaS, est la brique centrale positionn\u00e9e entre vos diff\u00e9rents canaux de vente et votre logisticien.\" \/>\n<meta property=\"og:url\" content=\"https:\/\/www.market-invaders.com\/es\/market-fulfillment-mffm\/\" \/>\n<meta property=\"og:site_name\" content=\"Market Invaders\" \/>\n<meta property=\"article:publisher\" content=\"https:\/\/www.facebook.com\/Net-Invaders-265737803497216\/\" \/>\n<meta property=\"article:modified_time\" content=\"2024-03-07T10:49:28+00:00\" \/>\n<meta property=\"og:image\" content=\"https:\/\/www.market-invaders.com\/wp-content\/uploads\/2024\/02\/mffm-fr-1024x364.png\" \/>\n<meta name=\"twitter:label1\" content=\"Tiempo de lectura\" \/>\n\t<meta name=\"twitter:data1\" content=\"2 minutos\" \/>\n<script type=\"application\/ld+json\" class=\"yoast-schema-graph\">{\"@context\":\"https:\/\/schema.org\",\"@graph\":[{\"@type\":\"WebPage\",\"@id\":\"https:\/\/www.market-invaders.com\/fr\/market-fulfillment-mffm\/\",\"url\":\"https:\/\/www.market-invaders.com\/fr\/market-fulfillment-mffm\/\",\"name\":\"Market Fulfillment, c'est quoi ?\",\"isPartOf\":{\"@id\":\"https:\/\/www.market-invaders.com\/#website\"},\"primaryImageOfPage\":{\"@id\":\"https:\/\/www.market-invaders.com\/fr\/market-fulfillment-mffm\/#primaryimage\"},\"image\":{\"@id\":\"https:\/\/www.market-invaders.com\/fr\/market-fulfillment-mffm\/#primaryimage\"},\"thumbnailUrl\":\"https:\/\/www.market-invaders.com\/wp-content\/uploads\/2024\/02\/mffm-fr-1024x364.png\",\"datePublished\":\"2024-02-23T10:18:01+00:00\",\"dateModified\":\"2024-03-07T10:49:28+00:00\",\"description\":\"L\u2019application Market Fulfillment, d\u00e9velopp\u00e9e comme toutes les offres Market Invaders en full SaaS, est la brique centrale positionn\u00e9e entre vos diff\u00e9rents canaux de vente et votre logisticien.\",\"breadcrumb\":{\"@id\":\"https:\/\/www.market-invaders.com\/fr\/market-fulfillment-mffm\/#breadcrumb\"},\"inLanguage\":\"es\",\"potentialAction\":[{\"@type\":\"ReadAction\",\"target\":[\"https:\/\/www.market-invaders.com\/fr\/market-fulfillment-mffm\/\"]}]},{\"@type\":\"ImageObject\",\"inLanguage\":\"es\",\"@id\":\"https:\/\/www.market-invaders.com\/fr\/market-fulfillment-mffm\/#primaryimage\",\"url\":\"https:\/\/www.market-invaders.com\/wp-content\/uploads\/2024\/02\/mffm-fr-1024x364.png\",\"contentUrl\":\"https:\/\/www.market-invaders.com\/wp-content\/uploads\/2024\/02\/mffm-fr-1024x364.png\"},{\"@type\":\"BreadcrumbList\",\"@id\":\"https:\/\/www.market-invaders.com\/fr\/market-fulfillment-mffm\/#breadcrumb\",\"itemListElement\":[{\"@type\":\"ListItem\",\"position\":1,\"name\":\"Accueil\",\"item\":\"https:\/\/www.market-invaders.com\/\"},{\"@type\":\"ListItem\",\"position\":2,\"name\":\"Market Fulfillment\"}]},{\"@type\":\"WebSite\",\"@id\":\"https:\/\/www.market-invaders.com\/#website\",\"url\":\"https:\/\/www.market-invaders.com\/\",\"name\":\"Market Invaders\",\"description\":\"Boostez votre Business\",\"publisher\":{\"@id\":\"https:\/\/www.market-invaders.com\/#organization\"},\"potentialAction\":[{\"@type\":\"SearchAction\",\"target\":{\"@type\":\"EntryPoint\",\"urlTemplate\":\"https:\/\/www.market-invaders.com\/?s={search_term_string}\"},\"query-input\":{\"@type\":\"PropertyValueSpecification\",\"valueRequired\":true,\"valueName\":\"search_term_string\"}}],\"inLanguage\":\"es\"},{\"@type\":\"Organization\",\"@id\":\"https:\/\/www.market-invaders.com\/#organization\",\"name\":\"Market Invaders\",\"url\":\"https:\/\/www.market-invaders.com\/\",\"logo\":{\"@type\":\"ImageObject\",\"inLanguage\":\"es\",\"@id\":\"https:\/\/www.market-invaders.com\/#\/schema\/logo\/image\/\",\"url\":\"https:\/\/www.market-invaders.com\/wp-content\/uploads\/2019\/09\/logo-fond-transp.png\",\"contentUrl\":\"https:\/\/www.market-invaders.com\/wp-content\/uploads\/2019\/09\/logo-fond-transp.png\",\"width\":530,\"height\":291,\"caption\":\"Market Invaders\"},\"image\":{\"@id\":\"https:\/\/www.market-invaders.com\/#\/schema\/logo\/image\/\"},\"sameAs\":[\"https:\/\/www.facebook.com\/Net-Invaders-265737803497216\/\",\"https:\/\/x.com\/netinvaders1\",\"https:\/\/fr.linkedin.com\/company\/net-invaders\",\"https:\/\/www.youtube.com\/channel\/UCNj0O9LzGkhVwoPymJIeLHw\"]}]}<\/script>\n<!-- \/ Yoast SEO plugin. -->","yoast_head_json":{"title":"Market Fulfillment, c'est quoi ?","description":"L\u2019application Market Fulfillment, d\u00e9velopp\u00e9e comme toutes les offres Market Invaders en full SaaS, est la brique centrale positionn\u00e9e entre vos diff\u00e9rents canaux de vente et votre logisticien.","robots":{"index":"index","follow":"follow","max-snippet":"max-snippet:-1","max-image-preview":"max-image-preview:large","max-video-preview":"max-video-preview:-1"},"canonical":"https:\/\/www.market-invaders.com\/es\/market-fulfillment-mffm\/","og_locale":"es_ES","og_type":"article","og_title":"Market Fulfillment, c'est quoi ?","og_description":"L\u2019application Market Fulfillment, d\u00e9velopp\u00e9e comme toutes les offres Market Invaders en full SaaS, est la brique centrale positionn\u00e9e entre vos diff\u00e9rents canaux de vente et votre logisticien.","og_url":"https:\/\/www.market-invaders.com\/es\/market-fulfillment-mffm\/","og_site_name":"Market Invaders","article_publisher":"https:\/\/www.facebook.com\/Net-Invaders-265737803497216\/","article_modified_time":"2024-03-07T10:49:28+00:00","og_image":[{"url":"https:\/\/www.market-invaders.com\/wp-content\/uploads\/2024\/02\/mffm-fr-1024x364.png","type":"","width":"","height":""}],"twitter_misc":{"Tiempo de lectura":"2 minutos"},"schema":{"@context":"https:\/\/schema.org","@graph":[{"@type":"WebPage","@id":"https:\/\/www.market-invaders.com\/fr\/market-fulfillment-mffm\/","url":"https:\/\/www.market-invaders.com\/fr\/market-fulfillment-mffm\/","name":"Market Fulfillment, c'est quoi ?","isPartOf":{"@id":"https:\/\/www.market-invaders.com\/#website"},"primaryImageOfPage":{"@id":"https:\/\/www.market-invaders.com\/fr\/market-fulfillment-mffm\/#primaryimage"},"image":{"@id":"https:\/\/www.market-invaders.com\/fr\/market-fulfillment-mffm\/#primaryimage"},"thumbnailUrl":"https:\/\/www.market-invaders.com\/wp-content\/uploads\/2024\/02\/mffm-fr-1024x364.png","datePublished":"2024-02-23T10:18:01+00:00","dateModified":"2024-03-07T10:49:28+00:00","description":"L\u2019application Market Fulfillment, d\u00e9velopp\u00e9e comme toutes les offres Market Invaders en full SaaS, est la brique centrale positionn\u00e9e entre vos diff\u00e9rents canaux de vente et votre logisticien.","breadcrumb":{"@id":"https:\/\/www.market-invaders.com\/fr\/market-fulfillment-mffm\/#breadcrumb"},"inLanguage":"es","potentialAction":[{"@type":"ReadAction","target":["https:\/\/www.market-invaders.com\/fr\/market-fulfillment-mffm\/"]}]},{"@type":"ImageObject","inLanguage":"es","@id":"https:\/\/www.market-invaders.com\/fr\/market-fulfillment-mffm\/#primaryimage","url":"https:\/\/www.market-invaders.com\/wp-content\/uploads\/2024\/02\/mffm-fr-1024x364.png","contentUrl":"https:\/\/www.market-invaders.com\/wp-content\/uploads\/2024\/02\/mffm-fr-1024x364.png"},{"@type":"BreadcrumbList","@id":"https:\/\/www.market-invaders.com\/fr\/market-fulfillment-mffm\/#breadcrumb","itemListElement":[{"@type":"ListItem","position":1,"name":"Accueil","item":"https:\/\/www.market-invaders.com\/"},{"@type":"ListItem","position":2,"name":"Market Fulfillment"}]},{"@type":"WebSite","@id":"https:\/\/www.market-invaders.com\/#website","url":"https:\/\/www.market-invaders.com\/","name":"Market Invaders","description":"Boostez votre Business","publisher":{"@id":"https:\/\/www.market-invaders.com\/#organization"},"potentialAction":[{"@type":"SearchAction","target":{"@type":"EntryPoint","urlTemplate":"https:\/\/www.market-invaders.com\/?s={search_term_string}"},"query-input":{"@type":"PropertyValueSpecification","valueRequired":true,"valueName":"search_term_string"}}],"inLanguage":"es"},{"@type":"Organization","@id":"https:\/\/www.market-invaders.com\/#organization","name":"Market Invaders","url":"https:\/\/www.market-invaders.com\/","logo":{"@type":"ImageObject","inLanguage":"es","@id":"https:\/\/www.market-invaders.com\/#\/schema\/logo\/image\/","url":"https:\/\/www.market-invaders.com\/wp-content\/uploads\/2019\/09\/logo-fond-transp.png","contentUrl":"https:\/\/www.market-invaders.com\/wp-content\/uploads\/2019\/09\/logo-fond-transp.png","width":530,"height":291,"caption":"Market Invaders"},"image":{"@id":"https:\/\/www.market-invaders.com\/#\/schema\/logo\/image\/"},"sameAs":["https:\/\/www.facebook.com\/Net-Invaders-265737803497216\/","https:\/\/x.com\/netinvaders1","https:\/\/fr.linkedin.com\/company\/net-invaders","https:\/\/www.youtube.com\/channel\/UCNj0O9LzGkhVwoPymJIeLHw"]}]}},"uagb_featured_image_src":{"full":false,"thumbnail":false,"medium":false,"medium_large":false,"large":false,"1536x1536":false,"2048x2048":false,"trp-custom-language-flag":false,"themo-logo":false,"th_img_xs":false,"th_img_sm_landscape":false,"th_img_sm_portrait":false,"th_img_sm_square":false,"th_img_sm_standard":false,"th_img_md_landscape":false,"th_img_md_portrait":false,"th_img_md_square":false,"th_img_lg":false,"th_img_xl":false,"th_img_xxl":false,"menu-thumb":false},"uagb_author_info":{"display_name":"vincent.oger","author_link":"https:\/\/www.market-invaders.com\/es\/author\/vincent-oger\/"},"uagb_comment_info":0,"uagb_excerpt":"Market Fulfillment Mais au fait, c\u2019est quoi le fulfillment ?Dans le monde du e-commerce, on appelle \u00ab fulfillment \u00bb toutes les actions que doit entreprendre un marchand entre le moment o\u00f9 un de ses clients passe commande et celui o\u00f9 &hellip; Read More","_links":{"self":[{"href":"https:\/\/www.market-invaders.com\/es\/wp-json\/wp\/v2\/pages\/18880","targetHints":{"allow":["GET"]}}],"collection":[{"href":"https:\/\/www.market-invaders.com\/es\/wp-json\/wp\/v2\/pages"}],"about":[{"href":"https:\/\/www.market-invaders.com\/es\/wp-json\/wp\/v2\/types\/page"}],"author":[{"embeddable":true,"href":"https:\/\/www.market-invaders.com\/es\/wp-json\/wp\/v2\/users\/4"}],"replies":[{"embeddable":true,"href":"https:\/\/www.market-invaders.com\/es\/wp-json\/wp\/v2\/comments?post=18880"}],"version-history":[{"count":50,"href":"https:\/\/www.market-invaders.com\/es\/wp-json\/wp\/v2\/pages\/18880\/revisions"}],"predecessor-version":[{"id":19034,"href":"https:\/\/www.market-invaders.com\/es\/wp-json\/wp\/v2\/pages\/18880\/revisions\/19034"}],"wp:attachment":[{"href":"https:\/\/www.market-invaders.com\/es\/wp-json\/wp\/v2\/media?parent=18880"}],"wp:term":[{"taxonomy":"category","embeddable":true,"href":"https:\/\/www.market-invaders.com\/es\/wp-json\/wp\/v2\/categories?post=18880"},{"taxonomy":"post_tag","embeddable":true,"href":"https:\/\/www.market-invaders.com\/es\/wp-json\/wp\/v2\/tags?post=18880"}],"curies":[{"name":"wp","href":"https:\/\/api.w.org\/{rel}","templated":true}]}}