{"id":7454,"date":"2021-02-02T12:20:44","date_gmt":"2021-02-02T11:20:44","guid":{"rendered":"https:\/\/www.market-invaders.com\/?page_id=7454"},"modified":"2024-12-02T10:45:24","modified_gmt":"2024-12-02T09:45:24","slug":"donnes-personnelles","status":"publish","type":"page","link":"https:\/\/www.market-invaders.com\/en\/donnes-personnelles\/","title":{"rendered":"Politique de confidentialit\u00e9"},"content":{"rendered":"<div data-elementor-type=\"wp-post\" data-elementor-id=\"7454\" class=\"elementor elementor-7454\" data-elementor-post-type=\"page\">\n\t\t\t\t\t\t<section class=\"elementor-section elementor-top-section elementor-element elementor-element-8797d4f elementor-section-height-min-height elementor-section-content-top elementor-section-full_width elementor-section-height-default elementor-section-items-middle\" data-id=\"8797d4f\" data-element_type=\"section\" data-settings=\"{&quot;shape_divider_bottom&quot;:&quot;curve&quot;,&quot;shape_divider_bottom_negative&quot;:&quot;yes&quot;,&quot;background_background&quot;:&quot;classic&quot;}\">\n\t\t\t\t\t\t\t<div class=\"elementor-background-overlay\"><\/div>\n\t\t\t\t\t\t<div class=\"elementor-shape elementor-shape-bottom\" aria-hidden=\"true\" data-negative=\"true\">\n\t\t\t<svg xmlns=\"http:\/\/www.w3.org\/2000\/svg\" viewbox=\"0 0 1000 100\" preserveaspectratio=\"none\">\n\t<path class=\"elementor-shape-fill\" d=\"M500,97C126.7,96.3,0.8,19.8,0,0v100l1000,0V1C1000,19.4,873.3,97.8,500,97z\"\/>\n<\/svg>\t\t<\/div>\n\t\t\t\t\t<div class=\"elementor-container elementor-column-gap-default\">\n\t\t\t\t\t<div class=\"elementor-column elementor-col-100 elementor-top-column elementor-element elementor-element-ffa4398\" data-id=\"ffa4398\" data-element_type=\"column\">\n\t\t\t<div class=\"elementor-widget-wrap elementor-element-populated\">\n\t\t\t\t\t\t<div class=\"elementor-element elementor-element-266eaab epilogue bolder elementor-absolute elementor-widget elementor-widget-heading\" data-id=\"266eaab\" data-element_type=\"widget\" data-settings=\"{&quot;_position&quot;:&quot;absolute&quot;}\" data-widget_type=\"heading.default\">\n\t\t\t\t<div class=\"elementor-widget-container\">\n\t\t\t\t\t<h1 class=\"elementor-heading-title elementor-size-default\">Politique de confidentialit\u00e9<\/h1>\t\t\t\t<\/div>\n\t\t\t\t<\/div>\n\t\t\t\t\t<\/div>\n\t\t<\/div>\n\t\t\t\t\t<\/div>\n\t\t<\/section>\n\t\t\t\t<section class=\"elementor-section elementor-top-section elementor-element elementor-element-d8882eb elementor-section-full_width elementor-section-height-default elementor-section-height-default\" data-id=\"d8882eb\" data-element_type=\"section\" data-settings=\"{&quot;background_background&quot;:&quot;classic&quot;}\">\n\t\t\t\t\t\t<div class=\"elementor-container elementor-column-gap-default\">\n\t\t\t\t\t<div class=\"elementor-column elementor-col-100 elementor-top-column elementor-element elementor-element-775ab37\" data-id=\"775ab37\" data-element_type=\"column\">\n\t\t\t<div class=\"elementor-widget-wrap\">\n\t\t\t\t\t\t\t<\/div>\n\t\t<\/div>\n\t\t\t\t\t<\/div>\n\t\t<\/section>\n\t\t\t\t<section class=\"elementor-section elementor-top-section elementor-element elementor-element-13e9cefb elementor-section-boxed elementor-section-height-default elementor-section-height-default\" data-id=\"13e9cefb\" data-element_type=\"section\">\n\t\t\t\t\t\t<div class=\"elementor-container elementor-column-gap-default\">\n\t\t\t\t\t<div class=\"elementor-column elementor-col-100 elementor-top-column elementor-element elementor-element-118b53a4\" data-id=\"118b53a4\" data-element_type=\"column\">\n\t\t\t<div class=\"elementor-widget-wrap elementor-element-populated\">\n\t\t\t\t\t\t<div class=\"elementor-element elementor-element-4958e806 elementor-widget elementor-widget-html\" data-id=\"4958e806\" data-element_type=\"widget\" data-widget_type=\"html.default\">\n\t\t\t\t<div class=\"elementor-widget-container\">\n\t\t\t\t\t<iframe src=\"https:\/\/www.market-invaders.com\/wp-content\/uploads\/2024\/12\/POL_NI_PRIVACY_POLICY.pdf\" width=\"640\" height=\"480\" allow=\"autoplay\"><\/iframe>\t\t\t\t<\/div>\n\t\t\t\t<\/div>\n\t\t\t\t\t<\/div>\n\t\t<\/div>\n\t\t\t\t\t<\/div>\n\t\t<\/section>\n\t\t\t\t<\/div>","protected":false},"excerpt":{"rendered":"<p>Politique de confidentialit\u00e9<\/p>","protected":false},"author":4,"featured_media":0,"parent":0,"menu_order":79,"comment_status":"closed","ping_status":"closed","template":"","meta":{"_uag_custom_page_level_css":"","footnotes":""},"categories":[86],"tags":[84],"class_list":["post-7454","page","type-page","status-publish","hentry","category-site-v2","tag-v2"],"yoast_head":"<!-- This site is optimized with the Yoast SEO plugin v25.6 - https:\/\/yoast.com\/wordpress\/plugins\/seo\/ -->\n<title>Politique de confidentitalit\u00e9 - Application de gestion de places de march\u00e9<\/title>\n<meta name=\"description\" content=\"Politique de confidentitalit\u00e9. Notre logiciel vous permet d&#039;augmenter sensiblement votre chiffre d&#039;affaires.Leader du march\u00e9\" \/>\n<meta name=\"robots\" content=\"index, follow, max-snippet:-1, max-image-preview:large, max-video-preview:-1\" \/>\n<link rel=\"canonical\" href=\"https:\/\/www.market-invaders.com\/en\/donnes-personnelles\/\" \/>\n<meta property=\"og:locale\" content=\"en_GB\" \/>\n<meta property=\"og:type\" content=\"article\" \/>\n<meta property=\"og:title\" content=\"Politique de confidentitalit\u00e9 - Application de gestion de places de march\u00e9\" \/>\n<meta property=\"og:description\" content=\"Politique de confidentitalit\u00e9. Notre logiciel vous permet d&#039;augmenter sensiblement votre chiffre d&#039;affaires.Leader du march\u00e9\" \/>\n<meta property=\"og:url\" content=\"https:\/\/www.market-invaders.com\/en\/donnes-personnelles\/\" \/>\n<meta property=\"og:site_name\" content=\"Market Invaders\" \/>\n<meta property=\"article:publisher\" content=\"https:\/\/www.facebook.com\/Net-Invaders-265737803497216\/\" \/>\n<meta property=\"article:modified_time\" content=\"2024-12-02T09:45:24+00:00\" \/>\n<meta name=\"twitter:label1\" content=\"Estimated reading time\" \/>\n\t<meta name=\"twitter:data1\" content=\"1 minute\" \/>\n<script type=\"application\/ld+json\" class=\"yoast-schema-graph\">{\"@context\":\"https:\/\/schema.org\",\"@graph\":[{\"@type\":\"WebPage\",\"@id\":\"https:\/\/www.market-invaders.com\/donnes-personnelles\/\",\"url\":\"https:\/\/www.market-invaders.com\/donnes-personnelles\/\",\"name\":\"Politique de confidentitalit\u00e9 - Application de gestion de places de march\u00e9\",\"isPartOf\":{\"@id\":\"https:\/\/www.market-invaders.com\/#website\"},\"datePublished\":\"2021-02-02T11:20:44+00:00\",\"dateModified\":\"2024-12-02T09:45:24+00:00\",\"description\":\"Politique de confidentitalit\u00e9. Notre logiciel vous permet d'augmenter sensiblement votre chiffre d'affaires.Leader du march\u00e9\",\"breadcrumb\":{\"@id\":\"https:\/\/www.market-invaders.com\/donnes-personnelles\/#breadcrumb\"},\"inLanguage\":\"en-GB\",\"potentialAction\":[{\"@type\":\"ReadAction\",\"target\":[\"https:\/\/www.market-invaders.com\/donnes-personnelles\/\"]}]},{\"@type\":\"BreadcrumbList\",\"@id\":\"https:\/\/www.market-invaders.com\/donnes-personnelles\/#breadcrumb\",\"itemListElement\":[{\"@type\":\"ListItem\",\"position\":1,\"name\":\"Accueil\",\"item\":\"https:\/\/www.market-invaders.com\/\"},{\"@type\":\"ListItem\",\"position\":2,\"name\":\"Politique de confidentialit\u00e9\"}]},{\"@type\":\"WebSite\",\"@id\":\"https:\/\/www.market-invaders.com\/#website\",\"url\":\"https:\/\/www.market-invaders.com\/\",\"name\":\"Market Invaders\",\"description\":\"Boostez votre Business\",\"publisher\":{\"@id\":\"https:\/\/www.market-invaders.com\/#organization\"},\"potentialAction\":[{\"@type\":\"SearchAction\",\"target\":{\"@type\":\"EntryPoint\",\"urlTemplate\":\"https:\/\/www.market-invaders.com\/?s={search_term_string}\"},\"query-input\":{\"@type\":\"PropertyValueSpecification\",\"valueRequired\":true,\"valueName\":\"search_term_string\"}}],\"inLanguage\":\"en-GB\"},{\"@type\":\"Organization\",\"@id\":\"https:\/\/www.market-invaders.com\/#organization\",\"name\":\"Market Invaders\",\"url\":\"https:\/\/www.market-invaders.com\/\",\"logo\":{\"@type\":\"ImageObject\",\"inLanguage\":\"en-GB\",\"@id\":\"https:\/\/www.market-invaders.com\/#\/schema\/logo\/image\/\",\"url\":\"https:\/\/www.market-invaders.com\/wp-content\/uploads\/2019\/09\/logo-fond-transp.png\",\"contentUrl\":\"https:\/\/www.market-invaders.com\/wp-content\/uploads\/2019\/09\/logo-fond-transp.png\",\"width\":530,\"height\":291,\"caption\":\"Market Invaders\"},\"image\":{\"@id\":\"https:\/\/www.market-invaders.com\/#\/schema\/logo\/image\/\"},\"sameAs\":[\"https:\/\/www.facebook.com\/Net-Invaders-265737803497216\/\",\"https:\/\/x.com\/netinvaders1\",\"https:\/\/fr.linkedin.com\/company\/net-invaders\",\"https:\/\/www.youtube.com\/channel\/UCNj0O9LzGkhVwoPymJIeLHw\"]}]}<\/script>\n<!-- \/ Yoast SEO plugin. -->","yoast_head_json":{"title":"Politique de confidentitalit\u00e9 - Application de gestion de places de march\u00e9","description":"Politique de confidentitalit\u00e9. Notre logiciel vous permet d'augmenter sensiblement votre chiffre d'affaires.Leader du march\u00e9","robots":{"index":"index","follow":"follow","max-snippet":"max-snippet:-1","max-image-preview":"max-image-preview:large","max-video-preview":"max-video-preview:-1"},"canonical":"https:\/\/www.market-invaders.com\/en\/donnes-personnelles\/","og_locale":"en_GB","og_type":"article","og_title":"Politique de confidentitalit\u00e9 - Application de gestion de places de march\u00e9","og_description":"Politique de confidentitalit\u00e9. Notre logiciel vous permet d'augmenter sensiblement votre chiffre d'affaires.Leader du march\u00e9","og_url":"https:\/\/www.market-invaders.com\/en\/donnes-personnelles\/","og_site_name":"Market Invaders","article_publisher":"https:\/\/www.facebook.com\/Net-Invaders-265737803497216\/","article_modified_time":"2024-12-02T09:45:24+00:00","twitter_misc":{"Estimated reading time":"1 minute"},"schema":{"@context":"https:\/\/schema.org","@graph":[{"@type":"WebPage","@id":"https:\/\/www.market-invaders.com\/donnes-personnelles\/","url":"https:\/\/www.market-invaders.com\/donnes-personnelles\/","name":"Politique de confidentitalit\u00e9 - Application de gestion de places de march\u00e9","isPartOf":{"@id":"https:\/\/www.market-invaders.com\/#website"},"datePublished":"2021-02-02T11:20:44+00:00","dateModified":"2024-12-02T09:45:24+00:00","description":"Politique de confidentitalit\u00e9. Notre logiciel vous permet d'augmenter sensiblement votre chiffre d'affaires.Leader du march\u00e9","breadcrumb":{"@id":"https:\/\/www.market-invaders.com\/donnes-personnelles\/#breadcrumb"},"inLanguage":"en-GB","potentialAction":[{"@type":"ReadAction","target":["https:\/\/www.market-invaders.com\/donnes-personnelles\/"]}]},{"@type":"BreadcrumbList","@id":"https:\/\/www.market-invaders.com\/donnes-personnelles\/#breadcrumb","itemListElement":[{"@type":"ListItem","position":1,"name":"Accueil","item":"https:\/\/www.market-invaders.com\/"},{"@type":"ListItem","position":2,"name":"Politique de confidentialit\u00e9"}]},{"@type":"WebSite","@id":"https:\/\/www.market-invaders.com\/#website","url":"https:\/\/www.market-invaders.com\/","name":"Market Invaders","description":"Boostez votre Business","publisher":{"@id":"https:\/\/www.market-invaders.com\/#organization"},"potentialAction":[{"@type":"SearchAction","target":{"@type":"EntryPoint","urlTemplate":"https:\/\/www.market-invaders.com\/?s={search_term_string}"},"query-input":{"@type":"PropertyValueSpecification","valueRequired":true,"valueName":"search_term_string"}}],"inLanguage":"en-GB"},{"@type":"Organization","@id":"https:\/\/www.market-invaders.com\/#organization","name":"Market Invaders","url":"https:\/\/www.market-invaders.com\/","logo":{"@type":"ImageObject","inLanguage":"en-GB","@id":"https:\/\/www.market-invaders.com\/#\/schema\/logo\/image\/","url":"https:\/\/www.market-invaders.com\/wp-content\/uploads\/2019\/09\/logo-fond-transp.png","contentUrl":"https:\/\/www.market-invaders.com\/wp-content\/uploads\/2019\/09\/logo-fond-transp.png","width":530,"height":291,"caption":"Market Invaders"},"image":{"@id":"https:\/\/www.market-invaders.com\/#\/schema\/logo\/image\/"},"sameAs":["https:\/\/www.facebook.com\/Net-Invaders-265737803497216\/","https:\/\/x.com\/netinvaders1","https:\/\/fr.linkedin.com\/company\/net-invaders","https:\/\/www.youtube.com\/channel\/UCNj0O9LzGkhVwoPymJIeLHw"]}]}},"uagb_featured_image_src":{"full":false,"thumbnail":false,"medium":false,"medium_large":false,"large":false,"1536x1536":false,"2048x2048":false,"trp-custom-language-flag":false,"themo-logo":false,"th_img_xs":false,"th_img_sm_landscape":false,"th_img_sm_portrait":false,"th_img_sm_square":false,"th_img_sm_standard":false,"th_img_md_landscape":false,"th_img_md_portrait":false,"th_img_md_square":false,"th_img_lg":false,"th_img_xl":false,"th_img_xxl":false,"menu-thumb":false},"uagb_author_info":{"display_name":"vincent.oger","author_link":"https:\/\/www.market-invaders.com\/en\/author\/vincent-oger\/"},"uagb_comment_info":0,"uagb_excerpt":"Politique de confidentialit\u00e9","_links":{"self":[{"href":"https:\/\/www.market-invaders.com\/en\/wp-json\/wp\/v2\/pages\/7454","targetHints":{"allow":["GET"]}}],"collection":[{"href":"https:\/\/www.market-invaders.com\/en\/wp-json\/wp\/v2\/pages"}],"about":[{"href":"https:\/\/www.market-invaders.com\/en\/wp-json\/wp\/v2\/types\/page"}],"author":[{"embeddable":true,"href":"https:\/\/www.market-invaders.com\/en\/wp-json\/wp\/v2\/users\/4"}],"replies":[{"embeddable":true,"href":"https:\/\/www.market-invaders.com\/en\/wp-json\/wp\/v2\/comments?post=7454"}],"version-history":[{"count":42,"href":"https:\/\/www.market-invaders.com\/en\/wp-json\/wp\/v2\/pages\/7454\/revisions"}],"predecessor-version":[{"id":19971,"href":"https:\/\/www.market-invaders.com\/en\/wp-json\/wp\/v2\/pages\/7454\/revisions\/19971"}],"wp:attachment":[{"href":"https:\/\/www.market-invaders.com\/en\/wp-json\/wp\/v2\/media?parent=7454"}],"wp:term":[{"taxonomy":"category","embeddable":true,"href":"https:\/\/www.market-invaders.com\/en\/wp-json\/wp\/v2\/categories?post=7454"},{"taxonomy":"post_tag","embeddable":true,"href":"https:\/\/www.market-invaders.com\/en\/wp-json\/wp\/v2\/tags?post=7454"}],"curies":[{"name":"wp","href":"https:\/\/api.w.org\/{rel}","templated":true}]}}