{"id":4255,"date":"2020-12-02T14:38:41","date_gmt":"2020-12-02T13:38:41","guid":{"rendered":"https:\/\/www.market-invaders.com\/?page_id=4255"},"modified":"2022-08-04T10:33:32","modified_gmt":"2022-08-04T08:33:32","slug":"distributeurs-marques","status":"publish","type":"page","link":"https:\/\/www.market-invaders.com\/en\/distributeurs-marques\/","title":{"rendered":"Nos Cibles"},"content":{"rendered":"<div data-elementor-type=\"wp-page\" data-elementor-id=\"4255\" class=\"elementor elementor-4255\" data-elementor-post-type=\"page\">\n\t\t\t\t\t\t<section class=\"elementor-section elementor-top-section elementor-element elementor-element-a93c20f elementor-section-height-min-height elementor-section-content-top elementor-section-full_width elementor-section-height-default elementor-section-items-middle\" data-id=\"a93c20f\" data-element_type=\"section\" data-settings=\"{&quot;shape_divider_bottom&quot;:&quot;curve&quot;,&quot;shape_divider_bottom_negative&quot;:&quot;yes&quot;,&quot;background_background&quot;:&quot;classic&quot;}\">\n\t\t\t\t\t\t\t<div class=\"elementor-background-overlay\"><\/div>\n\t\t\t\t\t\t<div class=\"elementor-shape elementor-shape-bottom\" aria-hidden=\"true\" data-negative=\"true\">\n\t\t\t<svg xmlns=\"http:\/\/www.w3.org\/2000\/svg\" viewbox=\"0 0 1000 100\" preserveaspectratio=\"none\">\n\t<path class=\"elementor-shape-fill\" d=\"M500,97C126.7,96.3,0.8,19.8,0,0v100l1000,0V1C1000,19.4,873.3,97.8,500,97z\"\/>\n<\/svg>\t\t<\/div>\n\t\t\t\t\t<div class=\"elementor-container elementor-column-gap-default\">\n\t\t\t\t\t<div class=\"elementor-column elementor-col-100 elementor-top-column elementor-element elementor-element-4c3a58c\" data-id=\"4c3a58c\" data-element_type=\"column\">\n\t\t\t<div class=\"elementor-widget-wrap elementor-element-populated\">\n\t\t\t\t\t\t<div class=\"elementor-element elementor-element-cf2982a elementor-hidden-desktop elementor-hidden-tablet elementor-hidden-mobile elementor-widget elementor-widget-text-editor\" data-id=\"cf2982a\" data-element_type=\"widget\" data-widget_type=\"text-editor.default\">\n\t\t\t\t<div class=\"elementor-widget-container\">\n\t\t\t\t\t\t\t\t\t<p><span style=\"color: #ffffff; font-size: 1px;\">Outil de gestion de places de march\u00e9<\/span><\/p>\t\t\t\t\t\t\t\t<\/div>\n\t\t\t\t<\/div>\n\t\t\t\t<div class=\"elementor-element elementor-element-756dcb2 epilogue bolder elementor-absolute elementor-widget elementor-widget-heading\" data-id=\"756dcb2\" data-element_type=\"widget\" data-settings=\"{&quot;_position&quot;:&quot;absolute&quot;}\" data-widget_type=\"heading.default\">\n\t\t\t\t<div class=\"elementor-widget-container\">\n\t\t\t\t\t<h1 class=\"elementor-heading-title elementor-size-default\">Our solutions<\/h1>\t\t\t\t<\/div>\n\t\t\t\t<\/div>\n\t\t\t\t\t<\/div>\n\t\t<\/div>\n\t\t\t\t\t<\/div>\n\t\t<\/section>\n\t\t\t\t<section class=\"elementor-section elementor-top-section elementor-element elementor-element-1b3aca6 elementor-section-boxed elementor-section-height-default elementor-section-height-default\" data-id=\"1b3aca6\" data-element_type=\"section\">\n\t\t\t\t\t\t<div class=\"elementor-container elementor-column-gap-default\">\n\t\t\t\t\t<div class=\"elementor-column elementor-col-100 elementor-top-column elementor-element elementor-element-bd69d52\" data-id=\"bd69d52\" data-element_type=\"column\">\n\t\t\t<div class=\"elementor-widget-wrap elementor-element-populated\">\n\t\t\t\t\t\t<div class=\"elementor-element elementor-element-b4fbdb4 elementor-widget elementor-widget-text-editor\" data-id=\"b4fbdb4\" data-element_type=\"widget\" data-widget_type=\"text-editor.default\">\n\t\t\t\t<div class=\"elementor-widget-container\">\n\t\t\t\t\t\t\t\t\t<h2>By <span style=\"color: #ff8200;\">category\/target<\/span><\/h2>\t\t\t\t\t\t\t\t<\/div>\n\t\t\t\t<\/div>\n\t\t\t\t<div class=\"elementor-element elementor-element-9e9ea0c elementor-widget elementor-widget-image\" data-id=\"9e9ea0c\" data-element_type=\"widget\" data-widget_type=\"image.default\">\n\t\t\t\t<div class=\"elementor-widget-container\">\n\t\t\t\t\t\t\t\t\t\t\t\t\t\t\t<img fetchpriority=\"high\" decoding=\"async\" width=\"358\" height=\"303\" src=\"https:\/\/www.market-invaders.com\/wp-content\/uploads\/2020\/12\/par-cibles-358x303.png\" class=\"attachment-th_img_sm_standard size-th_img_sm_standard wp-image-5064\" alt=\"Outil de gestion de places de march\u00e9\" srcset=\"https:\/\/www.market-invaders.com\/wp-content\/uploads\/2020\/12\/par-cibles-358x303.png 358w, https:\/\/www.market-invaders.com\/wp-content\/uploads\/2020\/12\/par-cibles-300x254.png 300w, https:\/\/www.market-invaders.com\/wp-content\/uploads\/2020\/12\/par-cibles-35x30.png 35w, https:\/\/www.market-invaders.com\/wp-content\/uploads\/2020\/12\/par-cibles-94x80.png 94w, https:\/\/www.market-invaders.com\/wp-content\/uploads\/2020\/12\/par-cibles.png 550w\" sizes=\"(max-width: 358px) 100vw, 358px\" \/>\t\t\t\t\t\t\t\t\t\t\t\t\t\t\t<\/div>\n\t\t\t\t<\/div>\n\t\t\t\t<section class=\"elementor-section elementor-inner-section elementor-element elementor-element-3b20bd3 elementor-section-boxed elementor-section-height-default elementor-section-height-default\" data-id=\"3b20bd3\" data-element_type=\"section\">\n\t\t\t\t\t\t<div class=\"elementor-container elementor-column-gap-default\">\n\t\t\t\t\t<div class=\"elementor-column elementor-col-50 elementor-inner-column elementor-element elementor-element-5d45e20\" data-id=\"5d45e20\" data-element_type=\"column\">\n\t\t\t<div class=\"elementor-widget-wrap elementor-element-populated\">\n\t\t\t\t\t\t<div class=\"elementor-element elementor-element-cd8ff6d elementor-widget elementor-widget-text-editor\" data-id=\"cd8ff6d\" data-element_type=\"widget\" id=\"distributeurs\" data-widget_type=\"text-editor.default\">\n\t\t\t\t<div class=\"elementor-widget-container\">\n\t\t\t\t\t\t\t\t\t<h4>For retailers\/resellers<\/h4><ul><li><b><span style=\"color: #000000;\"><a style=\"color: #000000;\" href=\"https:\/\/www.market-invaders.com\/fr\/modules\/#:~:text=taux%20de%20publication-,AJUSTEMENT%20AUTOMATIQUE%20DES%20PRIX%20%3A%20REPRICING,-Ajustement%20automatique%20de\">Repricer<\/a><\/span> :<\/b> automatic price adjustment based on the competition<\/li><li><b>Automatic additions to your product catalog:<\/b> the MI Data module enables you to automatically gather info on the features of hundreds of millions of products of 20,000\u00a0different brands.<\/li><\/ul>\t\t\t\t\t\t\t\t<\/div>\n\t\t\t\t<\/div>\n\t\t\t\t\t<\/div>\n\t\t<\/div>\n\t\t\t\t<div class=\"elementor-column elementor-col-50 elementor-inner-column elementor-element elementor-element-280f8a9\" data-id=\"280f8a9\" data-element_type=\"column\">\n\t\t\t<div class=\"elementor-widget-wrap elementor-element-populated\">\n\t\t\t\t\t\t<div class=\"elementor-element elementor-element-a3e3ef8 elementor-widget elementor-widget-text-editor\" data-id=\"a3e3ef8\" data-element_type=\"widget\" id=\"marques\" data-widget_type=\"text-editor.default\">\n\t\t\t\t<div class=\"elementor-widget-container\">\n\t\t\t\t\t\t\t\t\t<h4>For brands\/manufacturers<\/h4><ul><li><b>Price monitoring:<\/b> tracking compliance with pricing policies by retailers\/resellers.<\/li><li><b>Cr\u00e9ation d\u2019un r\u00e9seau de distribution digital :<\/b> connecting with over 100\u00a0marketplaces.<\/li><li><b>Keep control over your brand image:<\/b> mise \u00e0 disposition d\u2019un outil de vente sur les places de march\u00e9 pour vos distributeurs. Une connexion directe avec le catalogue produits de votre marque garantissant \u00e0 vos distributeurs un acc\u00e8s constant \u00e0 des donn\u00e9es produits \u00e0 jour (description, photos, caract\u00e9ristiques produits).<\/li><\/ul>\t\t\t\t\t\t\t\t<\/div>\n\t\t\t\t<\/div>\n\t\t\t\t\t<\/div>\n\t\t<\/div>\n\t\t\t\t\t<\/div>\n\t\t<\/section>\n\t\t\t\t\t<\/div>\n\t\t<\/div>\n\t\t\t\t\t<\/div>\n\t\t<\/section>\n\t\t\t\t<section class=\"elementor-section elementor-top-section elementor-element elementor-element-8c8dca8 elementor-section-height-min-height elementor-section-items-bottom elementor-section-content-bottom elementor-section-boxed elementor-section-height-default\" data-id=\"8c8dca8\" data-element_type=\"section\" data-settings=\"{&quot;background_background&quot;:&quot;classic&quot;}\">\n\t\t\t\t\t\t<div class=\"elementor-container elementor-column-gap-default\">\n\t\t\t\t\t<div class=\"elementor-column elementor-col-100 elementor-top-column elementor-element elementor-element-df287f2\" data-id=\"df287f2\" data-element_type=\"column\">\n\t\t\t<div class=\"elementor-widget-wrap elementor-element-populated\">\n\t\t\t\t\t\t<div class=\"elementor-element elementor-element-90c7258 elementor-blockquote--skin-quotation elementor-blockquote--align-left elementor-blockquote--button-color-official elementor-widget elementor-widget-blockquote\" data-id=\"90c7258\" data-element_type=\"widget\" data-widget_type=\"blockquote.default\">\n\t\t\t\t<div class=\"elementor-widget-container\">\n\t\t\t\t\t\t\t<blockquote class=\"elementor-blockquote\">\n\t\t\t<p class=\"elementor-blockquote__content\">\n\t\t\t\tDepuis un an, nous utilisons le module Repricing de Market Invaders, nous remportons la <a style=\"color: black\">Buy Box<\/a> sur plus de 80 % de nos produits, ce qui a entra\u00een\u00e9 une augmentation \u00e0 deux chiffres de notre Chiffre d'Affaires. M\u00eame avec des prix plus \u00e9lev\u00e9s, nous sommes toujours en avance sur la concurrence !\n<br>\nThe return on investment is unbeatable and noticeable in just a few days. \n<br>\nOur prices are now optimized 24\/7 around the year.\nThank you!\t\t\t<\/p>\n\t\t\t\t\t\t\t<div class=\"e-q-footer\">\n\t\t\t\t\t\t\t\t\t\t\t<cite class=\"elementor-blockquote__author\">B.Tresse<\/cite>\n\t\t\t\t\t\t\t\t\t\t\t\t\t\t<\/div>\n\t\t\t\t\t<\/blockquote>\n\t\t\t\t\t\t<\/div>\n\t\t\t\t<\/div>\n\t\t\t\t\t<\/div>\n\t\t<\/div>\n\t\t\t\t\t<\/div>\n\t\t<\/section>\n\t\t\t\t<section class=\"elementor-section elementor-top-section elementor-element elementor-element-bee0a6b elementor-section-boxed elementor-section-height-default elementor-section-height-default\" data-id=\"bee0a6b\" data-element_type=\"section\">\n\t\t\t\t\t\t<div class=\"elementor-container elementor-column-gap-default\">\n\t\t\t\t\t<div class=\"elementor-column elementor-col-100 elementor-top-column elementor-element elementor-element-e839df8\" data-id=\"e839df8\" data-element_type=\"column\">\n\t\t\t<div class=\"elementor-widget-wrap elementor-element-populated\">\n\t\t\t\t\t\t<div class=\"elementor-element elementor-element-b3f3e5c elementor-widget elementor-widget-spacer\" data-id=\"b3f3e5c\" data-element_type=\"widget\" data-widget_type=\"spacer.default\">\n\t\t\t\t<div class=\"elementor-widget-container\">\n\t\t\t\t\t\t\t<div class=\"elementor-spacer\">\n\t\t\t<div class=\"elementor-spacer-inner\"><\/div>\n\t\t<\/div>\n\t\t\t\t\t\t<\/div>\n\t\t\t\t<\/div>\n\t\t\t\t<div class=\"elementor-element elementor-element-10ce1ee elementor-hidden-desktop elementor-hidden-tablet elementor-hidden-mobile elementor-widget elementor-widget-text-editor\" data-id=\"10ce1ee\" data-element_type=\"widget\" data-widget_type=\"text-editor.default\">\n\t\t\t\t<div class=\"elementor-widget-container\">\n\t\t\t\t\t\t\t\t\t<p><span style=\"color: #ffffff; font-size: 1px;\">Outil de gestion de places de dfgdfg jhdshfsi shufisud shduif j j j j jj j jj j j j j j j j j j j j j j j jj jj j j j j j j j j j j j jj\u00a0 jj j j jj j j j ijid\u00a0 djd d d d d d d d d d d d d d d d d d d d\u00a0 d d d d d d\u00a0 \u00a0d d d d d d\u00a0 d d d d d d d\u00a0 d d d d\u00a0 d d d d d d d d\u00a0 d d d d d d d d\u00a0 d dmarch\u00e9 Outil de gestion de places de march\u00e9\u00a0<\/span><\/p>\t\t\t\t\t\t\t\t<\/div>\n\t\t\t\t<\/div>\n\t\t\t\t\t<\/div>\n\t\t<\/div>\n\t\t\t\t\t<\/div>\n\t\t<\/section>\n\t\t\t\t<\/div>","protected":false},"excerpt":{"rendered":"<p>Outil de gestion de places de march\u00e9 Nos solutions Par cat\u00e9gories \/ cibles Pour les distributeurs \/ revendeurs Repricer : ajustement automatique des prix en fonction de la concurrence. Enrichissement automatis\u00e9 de votre catalogue produits : le module MI Data &hellip; <a href=\"https:\/\/www.market-invaders.com\/en\/distributeurs-marques\/\">Read More<\/a><\/p>","protected":false},"author":2,"featured_media":0,"parent":0,"menu_order":19,"comment_status":"closed","ping_status":"closed","template":"","meta":{"_uag_custom_page_level_css":"","footnotes":""},"categories":[86],"tags":[84],"class_list":["post-4255","page","type-page","status-publish","hentry","category-site-v2","tag-v2"],"yoast_head":"<!-- This site is optimized with the Yoast SEO plugin v25.6 - https:\/\/yoast.com\/wordpress\/plugins\/seo\/ -->\n<title>Market Invaders d\u00e9di\u00e9e aux distributeurs, marques...<\/title>\n<meta name=\"description\" content=\"Distributeurs : repricez, enrichissez automatiquement votre catalogue... Marques : surveillez vos prix, maitrisez votre image de marque\" \/>\n<meta name=\"robots\" content=\"index, follow, max-snippet:-1, max-image-preview:large, max-video-preview:-1\" \/>\n<link rel=\"canonical\" href=\"https:\/\/www.market-invaders.com\/en\/distributeurs-marques\/\" \/>\n<meta property=\"og:locale\" content=\"en_GB\" \/>\n<meta property=\"og:type\" content=\"article\" \/>\n<meta property=\"og:title\" content=\"Market Invaders d\u00e9di\u00e9e aux distributeurs, marques...\" \/>\n<meta property=\"og:description\" content=\"Distributeurs : repricez, enrichissez automatiquement votre catalogue... Marques : surveillez vos prix, maitrisez votre image de marque\" \/>\n<meta property=\"og:url\" content=\"https:\/\/www.market-invaders.com\/en\/distributeurs-marques\/\" \/>\n<meta property=\"og:site_name\" content=\"Market Invaders\" \/>\n<meta property=\"article:publisher\" content=\"https:\/\/www.facebook.com\/Net-Invaders-265737803497216\/\" \/>\n<meta property=\"article:modified_time\" content=\"2022-08-04T08:33:32+00:00\" \/>\n<meta property=\"og:image\" content=\"https:\/\/www.market-invaders.com\/wp-content\/uploads\/2020\/12\/par-cibles-358x303.png\" \/>\n<meta name=\"twitter:label1\" content=\"Estimated reading time\" \/>\n\t<meta name=\"twitter:data1\" content=\"2 minutes\" \/>\n<script type=\"application\/ld+json\" class=\"yoast-schema-graph\">{\"@context\":\"https:\/\/schema.org\",\"@graph\":[{\"@type\":\"WebPage\",\"@id\":\"https:\/\/www.market-invaders.com\/distributeurs-marques\/\",\"url\":\"https:\/\/www.market-invaders.com\/distributeurs-marques\/\",\"name\":\"Market Invaders d\u00e9di\u00e9e aux distributeurs, marques...\",\"isPartOf\":{\"@id\":\"https:\/\/www.market-invaders.com\/#website\"},\"primaryImageOfPage\":{\"@id\":\"https:\/\/www.market-invaders.com\/distributeurs-marques\/#primaryimage\"},\"image\":{\"@id\":\"https:\/\/www.market-invaders.com\/distributeurs-marques\/#primaryimage\"},\"thumbnailUrl\":\"https:\/\/www.market-invaders.com\/wp-content\/uploads\/2020\/12\/par-cibles-358x303.png\",\"datePublished\":\"2020-12-02T13:38:41+00:00\",\"dateModified\":\"2022-08-04T08:33:32+00:00\",\"description\":\"Distributeurs : repricez, enrichissez automatiquement votre catalogue... Marques : surveillez vos prix, maitrisez votre image de marque\",\"breadcrumb\":{\"@id\":\"https:\/\/www.market-invaders.com\/distributeurs-marques\/#breadcrumb\"},\"inLanguage\":\"en-GB\",\"potentialAction\":[{\"@type\":\"ReadAction\",\"target\":[\"https:\/\/www.market-invaders.com\/distributeurs-marques\/\"]}]},{\"@type\":\"ImageObject\",\"inLanguage\":\"en-GB\",\"@id\":\"https:\/\/www.market-invaders.com\/distributeurs-marques\/#primaryimage\",\"url\":\"https:\/\/www.market-invaders.com\/wp-content\/uploads\/2020\/12\/par-cibles-358x303.png\",\"contentUrl\":\"https:\/\/www.market-invaders.com\/wp-content\/uploads\/2020\/12\/par-cibles-358x303.png\"},{\"@type\":\"BreadcrumbList\",\"@id\":\"https:\/\/www.market-invaders.com\/distributeurs-marques\/#breadcrumb\",\"itemListElement\":[{\"@type\":\"ListItem\",\"position\":1,\"name\":\"Accueil\",\"item\":\"https:\/\/www.market-invaders.com\/\"},{\"@type\":\"ListItem\",\"position\":2,\"name\":\"Nos Cibles\"}]},{\"@type\":\"WebSite\",\"@id\":\"https:\/\/www.market-invaders.com\/#website\",\"url\":\"https:\/\/www.market-invaders.com\/\",\"name\":\"Market Invaders\",\"description\":\"Boostez votre Business\",\"publisher\":{\"@id\":\"https:\/\/www.market-invaders.com\/#organization\"},\"potentialAction\":[{\"@type\":\"SearchAction\",\"target\":{\"@type\":\"EntryPoint\",\"urlTemplate\":\"https:\/\/www.market-invaders.com\/?s={search_term_string}\"},\"query-input\":{\"@type\":\"PropertyValueSpecification\",\"valueRequired\":true,\"valueName\":\"search_term_string\"}}],\"inLanguage\":\"en-GB\"},{\"@type\":\"Organization\",\"@id\":\"https:\/\/www.market-invaders.com\/#organization\",\"name\":\"Market Invaders\",\"url\":\"https:\/\/www.market-invaders.com\/\",\"logo\":{\"@type\":\"ImageObject\",\"inLanguage\":\"en-GB\",\"@id\":\"https:\/\/www.market-invaders.com\/#\/schema\/logo\/image\/\",\"url\":\"https:\/\/www.market-invaders.com\/wp-content\/uploads\/2019\/09\/logo-fond-transp.png\",\"contentUrl\":\"https:\/\/www.market-invaders.com\/wp-content\/uploads\/2019\/09\/logo-fond-transp.png\",\"width\":530,\"height\":291,\"caption\":\"Market Invaders\"},\"image\":{\"@id\":\"https:\/\/www.market-invaders.com\/#\/schema\/logo\/image\/\"},\"sameAs\":[\"https:\/\/www.facebook.com\/Net-Invaders-265737803497216\/\",\"https:\/\/x.com\/netinvaders1\",\"https:\/\/fr.linkedin.com\/company\/net-invaders\",\"https:\/\/www.youtube.com\/channel\/UCNj0O9LzGkhVwoPymJIeLHw\"]}]}<\/script>\n<!-- \/ Yoast SEO plugin. -->","yoast_head_json":{"title":"Market Invaders d\u00e9di\u00e9e aux distributeurs, marques...","description":"Distributeurs : repricez, enrichissez automatiquement votre catalogue... Marques : surveillez vos prix, maitrisez votre image de marque","robots":{"index":"index","follow":"follow","max-snippet":"max-snippet:-1","max-image-preview":"max-image-preview:large","max-video-preview":"max-video-preview:-1"},"canonical":"https:\/\/www.market-invaders.com\/en\/distributeurs-marques\/","og_locale":"en_GB","og_type":"article","og_title":"Market Invaders d\u00e9di\u00e9e aux distributeurs, marques...","og_description":"Distributeurs : repricez, enrichissez automatiquement votre catalogue... Marques : surveillez vos prix, maitrisez votre image de marque","og_url":"https:\/\/www.market-invaders.com\/en\/distributeurs-marques\/","og_site_name":"Market Invaders","article_publisher":"https:\/\/www.facebook.com\/Net-Invaders-265737803497216\/","article_modified_time":"2022-08-04T08:33:32+00:00","og_image":[{"url":"https:\/\/www.market-invaders.com\/wp-content\/uploads\/2020\/12\/par-cibles-358x303.png","type":"","width":"","height":""}],"twitter_misc":{"Estimated reading time":"2 minutes"},"schema":{"@context":"https:\/\/schema.org","@graph":[{"@type":"WebPage","@id":"https:\/\/www.market-invaders.com\/distributeurs-marques\/","url":"https:\/\/www.market-invaders.com\/distributeurs-marques\/","name":"Market Invaders d\u00e9di\u00e9e aux distributeurs, marques...","isPartOf":{"@id":"https:\/\/www.market-invaders.com\/#website"},"primaryImageOfPage":{"@id":"https:\/\/www.market-invaders.com\/distributeurs-marques\/#primaryimage"},"image":{"@id":"https:\/\/www.market-invaders.com\/distributeurs-marques\/#primaryimage"},"thumbnailUrl":"https:\/\/www.market-invaders.com\/wp-content\/uploads\/2020\/12\/par-cibles-358x303.png","datePublished":"2020-12-02T13:38:41+00:00","dateModified":"2022-08-04T08:33:32+00:00","description":"Distributeurs : repricez, enrichissez automatiquement votre catalogue... Marques : surveillez vos prix, maitrisez votre image de marque","breadcrumb":{"@id":"https:\/\/www.market-invaders.com\/distributeurs-marques\/#breadcrumb"},"inLanguage":"en-GB","potentialAction":[{"@type":"ReadAction","target":["https:\/\/www.market-invaders.com\/distributeurs-marques\/"]}]},{"@type":"ImageObject","inLanguage":"en-GB","@id":"https:\/\/www.market-invaders.com\/distributeurs-marques\/#primaryimage","url":"https:\/\/www.market-invaders.com\/wp-content\/uploads\/2020\/12\/par-cibles-358x303.png","contentUrl":"https:\/\/www.market-invaders.com\/wp-content\/uploads\/2020\/12\/par-cibles-358x303.png"},{"@type":"BreadcrumbList","@id":"https:\/\/www.market-invaders.com\/distributeurs-marques\/#breadcrumb","itemListElement":[{"@type":"ListItem","position":1,"name":"Accueil","item":"https:\/\/www.market-invaders.com\/"},{"@type":"ListItem","position":2,"name":"Nos Cibles"}]},{"@type":"WebSite","@id":"https:\/\/www.market-invaders.com\/#website","url":"https:\/\/www.market-invaders.com\/","name":"Market Invaders","description":"Boostez votre Business","publisher":{"@id":"https:\/\/www.market-invaders.com\/#organization"},"potentialAction":[{"@type":"SearchAction","target":{"@type":"EntryPoint","urlTemplate":"https:\/\/www.market-invaders.com\/?s={search_term_string}"},"query-input":{"@type":"PropertyValueSpecification","valueRequired":true,"valueName":"search_term_string"}}],"inLanguage":"en-GB"},{"@type":"Organization","@id":"https:\/\/www.market-invaders.com\/#organization","name":"Market Invaders","url":"https:\/\/www.market-invaders.com\/","logo":{"@type":"ImageObject","inLanguage":"en-GB","@id":"https:\/\/www.market-invaders.com\/#\/schema\/logo\/image\/","url":"https:\/\/www.market-invaders.com\/wp-content\/uploads\/2019\/09\/logo-fond-transp.png","contentUrl":"https:\/\/www.market-invaders.com\/wp-content\/uploads\/2019\/09\/logo-fond-transp.png","width":530,"height":291,"caption":"Market Invaders"},"image":{"@id":"https:\/\/www.market-invaders.com\/#\/schema\/logo\/image\/"},"sameAs":["https:\/\/www.facebook.com\/Net-Invaders-265737803497216\/","https:\/\/x.com\/netinvaders1","https:\/\/fr.linkedin.com\/company\/net-invaders","https:\/\/www.youtube.com\/channel\/UCNj0O9LzGkhVwoPymJIeLHw"]}]}},"uagb_featured_image_src":{"full":false,"thumbnail":false,"medium":false,"medium_large":false,"large":false,"1536x1536":false,"2048x2048":false,"trp-custom-language-flag":false,"themo-logo":false,"th_img_xs":false,"th_img_sm_landscape":false,"th_img_sm_portrait":false,"th_img_sm_square":false,"th_img_sm_standard":false,"th_img_md_landscape":false,"th_img_md_portrait":false,"th_img_md_square":false,"th_img_lg":false,"th_img_xl":false,"th_img_xxl":false,"menu-thumb":false},"uagb_author_info":{"display_name":"Jean-baptiste Raynaut","author_link":"https:\/\/www.market-invaders.com\/en\/author\/jb-raynaut\/"},"uagb_comment_info":0,"uagb_excerpt":"Outil de gestion de places de march\u00e9 Nos solutions Par cat\u00e9gories \/ cibles Pour les distributeurs \/ revendeurs Repricer : ajustement automatique des prix en fonction de la concurrence. Enrichissement automatis\u00e9 de votre catalogue produits : le module MI Data &hellip; Read More","_links":{"self":[{"href":"https:\/\/www.market-invaders.com\/en\/wp-json\/wp\/v2\/pages\/4255","targetHints":{"allow":["GET"]}}],"collection":[{"href":"https:\/\/www.market-invaders.com\/en\/wp-json\/wp\/v2\/pages"}],"about":[{"href":"https:\/\/www.market-invaders.com\/en\/wp-json\/wp\/v2\/types\/page"}],"author":[{"embeddable":true,"href":"https:\/\/www.market-invaders.com\/en\/wp-json\/wp\/v2\/users\/2"}],"replies":[{"embeddable":true,"href":"https:\/\/www.market-invaders.com\/en\/wp-json\/wp\/v2\/comments?post=4255"}],"version-history":[{"count":254,"href":"https:\/\/www.market-invaders.com\/en\/wp-json\/wp\/v2\/pages\/4255\/revisions"}],"predecessor-version":[{"id":12944,"href":"https:\/\/www.market-invaders.com\/en\/wp-json\/wp\/v2\/pages\/4255\/revisions\/12944"}],"wp:attachment":[{"href":"https:\/\/www.market-invaders.com\/en\/wp-json\/wp\/v2\/media?parent=4255"}],"wp:term":[{"taxonomy":"category","embeddable":true,"href":"https:\/\/www.market-invaders.com\/en\/wp-json\/wp\/v2\/categories?post=4255"},{"taxonomy":"post_tag","embeddable":true,"href":"https:\/\/www.market-invaders.com\/en\/wp-json\/wp\/v2\/tags?post=4255"}],"curies":[{"name":"wp","href":"https:\/\/api.w.org\/{rel}","templated":true}]}}